{"id":45,"date":"2025-03-07T06:34:58","date_gmt":"2025-03-07T06:34:58","guid":{"rendered":"https:\/\/abudhabinsuomikoulu.net\/?page_id=45"},"modified":"2025-03-07T06:34:58","modified_gmt":"2025-03-07T06:34:58","slug":"suomi-koulun-saannot","status":"publish","type":"page","link":"https:\/\/abudhabinsuomikoulu.net\/?page_id=45","title":{"rendered":"SUOMI-KOULUN S\u00c4\u00c4NN\u00d6T"},"content":{"rendered":"\n<div class=\"wp-block-columns is-layout-flex wp-container-core-columns-is-layout-28f84493 wp-block-columns-is-layout-flex\">\n<div class=\"wp-block-column is-layout-flow wp-block-column-is-layout-flow\" style=\"flex-basis:66.66%\">\n<p>Olemme koonneet t\u00e4h\u00e4n s\u00e4\u00e4nt\u00f6j\u00e4, joita yhdess\u00e4 noudattamalla teemme kaikki tunneistamme ja tauoistamme toimivia ja oppimista tukevia.<\/p>\n\n\n\n<p><strong>Suomikoululaisena muistan:<\/strong><\/p>\n\n\n\n<ul class=\"wp-block-list\">\n<li>ottaa mukaani tarvittavat tavarat (kyn\u00e4t, kirjat, vihko yms.)<\/li>\n\n\n\n<li>tulla ajoissa tunnille, my\u00f6s v\u00e4litunnin j\u00e4lkeen<\/li>\n\n\n\n<li>olla yst\u00e4v\u00e4llinen ja kiva kaveri muille suomikoululaisille<\/li>\n\n\n\n<li>kuunnella opettajaa ja toimia ohjeiden mukaisesti<\/li>\n\n\n\n<li>antaa kaikille ty\u00f6rauhan<\/li>\n\n\n\n<li>pit\u00e4\u00e4 hyv\u00e4\u00e4 huolta tavaroista, Suomi-koulun tiloista ja siivota j\u00e4lkeni<\/li>\n\n\n\n<li>puhua suomea Suomi-koulun aikana.<\/li>\n<\/ul>\n<\/div>\n\n\n\n<div class=\"wp-block-column is-layout-flow wp-block-column-is-layout-flow\" style=\"flex-basis:33.33%\">\n<figure class=\"wp-block-image size-full\"><img loading=\"lazy\" decoding=\"async\" width=\"940\" height=\"788\" src=\"https:\/\/abudhabinsuomikoulu.net\/wp-content\/uploads\/2025\/03\/Saannot.png\" alt=\"\" class=\"wp-image-46\" srcset=\"https:\/\/abudhabinsuomikoulu.net\/wp-content\/uploads\/2025\/03\/Saannot.png 940w, https:\/\/abudhabinsuomikoulu.net\/wp-content\/uploads\/2025\/03\/Saannot-300x251.png 300w, https:\/\/abudhabinsuomikoulu.net\/wp-content\/uploads\/2025\/03\/Saannot-768x644.png 768w\" sizes=\"auto, (max-width: 940px) 100vw, 940px\" \/><\/figure>\n<\/div>\n<\/div>\n\n\n\n<p><strong>Suomikoululaisen vanhempana muistan:<\/strong><\/p>\n\n\n\n<ul class=\"wp-block-list\">\n<li>tuoda lapseni ajoissa Suomi-kouluun<\/li>\n\n\n\n<li>ilmoittaa poissaolosta tai my\u00f6h\u00e4stymisest\u00e4 etuk\u00e4teen opettajalle<\/li>\n\n\n\n<li>valvoa lastani v\u00e4litunnilla ja yhteisiss\u00e4 tilaisuuksissa<\/li>\n\n\n\n<li>kannustaa ja rohkaista lasta suomen kielen k\u00e4ytt\u00e4miseen<\/li>\n\n\n\n<li>olla aina yhteydess\u00e4 opettajaan tai rehtoriin, jos jokin asia Suomi-koulun toiminnassa mietitytt\u00e4\u00e4.<\/li>\n<\/ul>\n\n\n\n<p><strong>Suomi-koulun opettajana muistan:<\/strong><\/p>\n\n\n\n<ul class=\"wp-block-list\">\n<li>tarjota kaikille oppilaille mukavia hetki\u00e4 ja onnistumisen kokemuksia taitotasosta riippumatta<\/li>\n\n\n\n<li>suunnitella ja kehitt\u00e4\u00e4 Suomi-koulun toimintaa<\/li>\n\n\n\n<li>innostaa lapsia suomen kielen kehitt\u00e4miseen, yll\u00e4pit\u00e4miseen ja kulttuurituntemuksen lis\u00e4\u00e4miseen<\/li>\n\n\n\n<li>keskustella vanhempien kanssa lapsen edistymisest\u00e4 ja kehittymisen kohteista.<\/li>\n<\/ul>\n","protected":false},"excerpt":{"rendered":"<p>Olemme koonneet t\u00e4h\u00e4n s\u00e4\u00e4nt\u00f6j\u00e4, joita yhdess\u00e4 noudattamalla teemme kaikki tunneistamme ja tauoistamme toimivia ja oppimista tukevia. Suomikoululaisena muistan: Suomikoululaisen vanhempana muistan: Suomi-koulun opettajana muistan:<\/p>\n","protected":false},"author":1,"featured_media":0,"parent":0,"menu_order":0,"comment_status":"closed","ping_status":"closed","template":"","meta":{"footnotes":""},"class_list":["post-45","page","type-page","status-publish","hentry"],"_links":{"self":[{"href":"https:\/\/abudhabinsuomikoulu.net\/index.php?rest_route=\/wp\/v2\/pages\/45","targetHints":{"allow":["GET"]}}],"collection":[{"href":"https:\/\/abudhabinsuomikoulu.net\/index.php?rest_route=\/wp\/v2\/pages"}],"about":[{"href":"https:\/\/abudhabinsuomikoulu.net\/index.php?rest_route=\/wp\/v2\/types\/page"}],"author":[{"embeddable":true,"href":"https:\/\/abudhabinsuomikoulu.net\/index.php?rest_route=\/wp\/v2\/users\/1"}],"replies":[{"embeddable":true,"href":"https:\/\/abudhabinsuomikoulu.net\/index.php?rest_route=%2Fwp%2Fv2%2Fcomments&post=45"}],"version-history":[{"count":3,"href":"https:\/\/abudhabinsuomikoulu.net\/index.php?rest_route=\/wp\/v2\/pages\/45\/revisions"}],"predecessor-version":[{"id":59,"href":"https:\/\/abudhabinsuomikoulu.net\/index.php?rest_route=\/wp\/v2\/pages\/45\/revisions\/59"}],"wp:attachment":[{"href":"https:\/\/abudhabinsuomikoulu.net\/index.php?rest_route=%2Fwp%2Fv2%2Fmedia&parent=45"}],"curies":[{"name":"wp","href":"https:\/\/api.w.org\/{rel}","templated":true}]}}